{"id":10,"date":"2024-05-14T13:00:25","date_gmt":"2024-05-14T11:00:25","guid":{"rendered":"https:\/\/ponos-moex.fr\/index.php\/products\/"},"modified":"2024-05-17T10:54:35","modified_gmt":"2024-05-17T08:54:35","slug":"services","status":"publish","type":"page","link":"https:\/\/ponos-moex.fr\/en\/services\/","title":{"rendered":"Services"},"content":{"rendered":"<div class=\"wp-block-uagb-container uagb-block-61b7f5e0 alignfull uagb-is-root-container\"><div class=\"uagb-container-inner-blocks-wrap\">\n<div class=\"wp-block-uagb-advanced-heading uagb-block-8114b16d\"><h1 class=\"uagb-heading-text\">SERVICES <\/h1><\/div>\n<\/div><\/div>\n\n\n\n<div class=\"wp-block-uagb-container uagb-block-489a6aba alignfull uagb-is-root-container\"><div class=\"uagb-container-inner-blocks-wrap\">\n<div class=\"wp-block-uagb-container uagb-block-9f5d917a\">\n<div class=\"wp-block-uagb-image aligncenter uagb-block-062d8349 wp-block-uagb-image--layout-default wp-block-uagb-image--effect-static wp-block-uagb-image--align-center\"><figure class=\"wp-block-uagb-image__figure\"><img loading=\"lazy\" decoding=\"async\" srcset=\"https:\/\/ponos-moex.fr\/wp-content\/uploads\/2024\/05\/Fotolia_13895943_XS.jpg ,https:\/\/ponos-moex.fr\/wp-content\/uploads\/2024\/05\/Fotolia_13895943_XS.jpg 780w, https:\/\/ponos-moex.fr\/wp-content\/uploads\/2024\/05\/Fotolia_13895943_XS.jpg 360w\" sizes=\"auto, (max-width: 480px) 150px\" src=\"https:\/\/ponos-moex.fr\/wp-content\/uploads\/2024\/05\/Fotolia_13895943_XS.jpg\" alt=\"\" class=\"uag-image-570\" width=\"280\" height=\"185\" title=\"Architecte et plan\" role=\"img\"\/><\/figure><\/div>\n<\/div>\n\n\n\n<div class=\"wp-block-uagb-image aligncenter uagb-block-732632b0 wp-block-uagb-image--layout-default wp-block-uagb-image--effect-static wp-block-uagb-image--align-center\"><figure class=\"wp-block-uagb-image__figure\"><img loading=\"lazy\" decoding=\"async\" srcset=\"https:\/\/ponos-moex.fr\/wp-content\/uploads\/2024\/05\/depositphotos_126713306-stock-photo-architecture-project-in-progress.jpg ,https:\/\/ponos-moex.fr\/wp-content\/uploads\/2024\/05\/depositphotos_126713306-stock-photo-architecture-project-in-progress.jpg 780w, https:\/\/ponos-moex.fr\/wp-content\/uploads\/2024\/05\/depositphotos_126713306-stock-photo-architecture-project-in-progress.jpg 360w\" sizes=\"auto, (max-width: 480px) 150px\" src=\"https:\/\/ponos-moex.fr\/wp-content\/uploads\/2024\/05\/depositphotos_126713306-stock-photo-architecture-project-in-progress.jpg\" alt=\"\" class=\"uag-image-573\" width=\"384\" height=\"111\" title=\"depositphotos_126713306-stock-photo-architecture-project-in-progress\" role=\"img\"\/><\/figure><\/div>\n\n\n\n<div class=\"wp-block-uagb-image uagb-block-d7b11866 wp-block-uagb-image--layout-default wp-block-uagb-image--effect-static wp-block-uagb-image--align-none\"><figure class=\"wp-block-uagb-image__figure\"><img loading=\"lazy\" decoding=\"async\" srcset=\"https:\/\/ponos-moex.fr\/wp-content\/uploads\/2024\/05\/Fotolia_526234_S.jpg ,https:\/\/ponos-moex.fr\/wp-content\/uploads\/2024\/05\/Fotolia_526234_S.jpg 780w, https:\/\/ponos-moex.fr\/wp-content\/uploads\/2024\/05\/Fotolia_526234_S.jpg 360w\" sizes=\"auto, (max-width: 480px) 150px\" src=\"https:\/\/ponos-moex.fr\/wp-content\/uploads\/2024\/05\/Fotolia_526234_S.jpg\" alt=\"\" class=\"uag-image-574\" width=\"271\" height=\"181\" title=\"home plans\" role=\"img\"\/><\/figure><\/div>\n<\/div><\/div>\n\n\n\n<div class=\"wp-block-uagb-container uagb-block-a754b6db alignfull uagb-is-root-container\"><div class=\"uagb-container-inner-blocks-wrap\">\n<div class=\"wp-block-uagb-container uagb-block-76fa3b1f\">\n<div class=\"wp-block-uagb-info-box uagb-block-7e6477fa uagb-infobox__content-wrap  uagb-infobox-icon-above-title uagb-infobox-image-valign-top\"><div class=\"uagb-ifb-content\"><div class=\"uagb-ifb-title-wrap\"><div class=\"uagb-ifb-separator\"><\/div><h4 class=\"uagb-ifb-title\">MOE &#8211; MAITRISE D\u2019\u0152UVRE D\u2019EX\u00c9CUTION <\/h4><\/div><p class=\"uagb-ifb-desc\"><br>\u00c0 partir du programme, r\u00e9alisation des \u00e9tudes en coordination avec tous les acteurs concern\u00e9s (maitre d\u2019ouvrage, assistant maitre d\u2019ouvrage, bureau de contr\u00f4le, etc..)<br><br>Pr\u00e9sente, lors de r\u00e9unions r\u00e9guli\u00e8res, l\u2019avancement des \u00e9tudes afin d\u2019obtenir l\u2019adh\u00e9sion de tous sur le projet.<br><br>Rencontre les acteurs transverses (politique, commission de s\u00e9curit\u00e9, collectivit\u00e9s, etc..)<br><br>Participe \u00e0 l\u2019\u00e9tablissement des autorisations administratives.<br>A comme ligne de conduite, l\u2019optimisation des co\u00fbts et le respect des d\u00e9lais.<br><br>Organise les r\u00e9unions de pr\u00e9paration des travaux et \u00e9labore un planning d\u2019ex\u00e9cution des travaux.<br>Organise les r\u00e9unions hebdomadaires de chantier et r\u00e9dige les comptes rendus pour donner un avis sur les conditions de mise en \u0153uvre.<br>G\u00e8re les diff\u00e9rents interlocuteurs li\u00e9s au chantier.<\/p><\/div><\/div>\n\n\n\n<div class=\"wp-block-uagb-info-box uagb-block-8f76c366 uagb-infobox__content-wrap  uagb-infobox-icon-above-title uagb-infobox-image-valign-top\"><div class=\"uagb-ifb-content\"><div class=\"uagb-ifb-title-wrap\"><div class=\"uagb-ifb-separator\"><\/div><h4 class=\"uagb-ifb-title\">AUDIT ET CONSEIL <\/h4><\/div><p class=\"uagb-ifb-desc\">PONOS vous accompagne dans le cadre d\u2019audit technique immobilier au moment de n\u00e9gociation de bail , de revente ou de fusion acquisition.<br><br>Ce point est crucial et vous permet de fiabiliser les informations transmises par le c\u00e9dant o\u00f9 exploitant des murs et de v\u00e9rifier l\u2019exactitude et la coh\u00e9rence du prix de cession avec le march\u00e9. <br><br>La principale donn\u00e9e qu\u2019il est n\u00e9cessaire de vous remettre dans le cadre d\u2019audit et de mission de conseil est la r\u00e9duction de risque en cas de reprise du b\u00e2timent dans votre patrimoine.<br><br>Notre mission et nos comp\u00e9tences pour satisfaire \u00e0 cette mission&nbsp;:<br><br>Contr\u00f4le r\u00e9glementaire des op\u00e9rations de maintenance et entretien global du b\u00e2timent<br><br>Visite technique des divers \u00e9quipements et analyse de leurs v\u00e9tust\u00e9<br>Anticipation et r\u00e9daction de budget de remise en \u00e9tat ou d\u2019am\u00e9lioration \u00e9nerg\u00e9tique<br><br>Remise de rapport technique complet justifi\u00e9<br><\/p><\/div><\/div>\n<\/div>\n\n\n\n<div class=\"wp-block-uagb-container uagb-block-0935d42b\">\n<div class=\"wp-block-uagb-info-box uagb-block-165c4ed6 uagb-infobox__content-wrap  uagb-infobox-icon-above-title uagb-infobox-image-valign-top\"><div class=\"uagb-ifb-content\"><div class=\"uagb-ifb-title-wrap\"><div class=\"uagb-ifb-separator\"><\/div><h4 class=\"uagb-ifb-title\">AMO &#8211; ASSISTANCE A MAITRISE D&rsquo;OUVRAGE <\/h4><\/div><p class=\"uagb-ifb-desc\">Dans le cadre de la mission Assistance \u00e0 Ma\u00eetrise d\u2019Ouvrage (A.M.O),<br>PONOS intervient et aide le maitre d\u2019ouvrage afin de d\u00e9terminer, conduire et exploiter le projet.<br><br>Notre principale r\u00f4le r\u00e9pond au conseil, \u00e0 l\u2019assistance, et \u00e0 des propositions sur les sujets de l\u2019op\u00e9ration (optimisations financi\u00e8re, flux, surface etc..)<br><br>Nous facilitons la coordination de projet et permettons au ma\u00eetre d\u2019ouvrage de remplir pleinement ses obligations au titre de la gestion du projet en r\u00e9alisant une mission d\u2019assistance \u00e0 ma\u00eetrise d\u2019ouvrage.<br><br>Nos actions sont entre autres les suivantes :<br><br>La programmation de l\u2019op\u00e9ration.<br>La budg\u00e9tisation du chantier.<br>Relecture des diff\u00e9rentes pi\u00e8ces r\u00e9alis\u00e9 par les acteurs du projets.<br>Consultation assurances, n\u00e9gociations.<br>La passation des march\u00e9s avec les entreprises.<br>Les choix techniques et\/<br>ou architecturaux d\u2019une op\u00e9ration de construction \u00e0 diff\u00e9rents stades (Conception, R\u00e9alisation, Livraison).<br><br>Les op\u00e9rations pr\u00e9alables \u00e0 la livraison.<br>Les pr\u00e9 livraisons.<br>La pr\u00e9sence pour les commissions de s\u00e9curit\u00e9 et les pr\u00e9parations de celle-ci<br>Les livraisons aux acqu\u00e9reurs et\/ou preneurs.<br>L\u2019\u00e9tablissement de la liste des r\u00e9serves et son suivi.<br>Le suivi des r\u00e9serves<br>de garantie de parfait ach\u00e8vement<\/p><\/div><\/div>\n\n\n\n<div class=\"wp-block-uagb-info-box uagb-block-95ee04dd uagb-infobox__content-wrap  uagb-infobox-icon-above-title uagb-infobox-image-valign-top\"><div class=\"uagb-ifb-content\"><div class=\"uagb-ifb-title-wrap\"><div class=\"uagb-ifb-separator\"><\/div><h4 class=\"uagb-ifb-title\">COMP\u00c9TENCES <\/h4><\/div><p class=\"uagb-ifb-desc\">Gestion de projets <br><br>Maitrise d\u2019\u0153uvre d\u2019ex\u00e9cution <br><br>Programmation <br><br>Gestion des Flux <br><br>Audit technique <br><br>Expertise <\/p><\/div><\/div>\n<\/div>\n<\/div><\/div>","protected":false},"excerpt":{"rendered":"<p>SERVICES<\/p>","protected":false},"author":1,"featured_media":0,"parent":0,"menu_order":2,"comment_status":"closed","ping_status":"closed","template":"","meta":{"_uag_custom_page_level_css":"","site-sidebar-layout":"no-sidebar","site-content-layout":"plain-container","ast-site-content-layout":"normal-width-container","site-content-style":"unboxed","site-sidebar-style":"unboxed","ast-global-header-display":"","ast-banner-title-visibility":"","ast-main-header-display":"","ast-hfb-above-header-display":"","ast-hfb-below-header-display":"","ast-hfb-mobile-header-display":"","site-post-title":"disabled","ast-breadcrumbs-content":"","ast-featured-img":"disabled","footer-sml-layout":"","ast-disable-related-posts":"","theme-transparent-header-meta":"enabled","adv-header-id-meta":"","stick-header-meta":"","header-above-stick-meta":"","header-main-stick-meta":"","header-below-stick-meta":"","astra-migrate-meta-layouts":"set","ast-page-background-enabled":"default","ast-page-background-meta":{"desktop":{"background-color":"","background-image":"","background-repeat":"repeat","background-position":"center center","background-size":"auto","background-attachment":"scroll","background-type":"","background-media":"","overlay-type":"","overlay-color":"","overlay-opacity":"","overlay-gradient":""},"tablet":{"background-color":"","background-image":"","background-repeat":"repeat","background-position":"center center","background-size":"auto","background-attachment":"scroll","background-type":"","background-media":"","overlay-type":"","overlay-color":"","overlay-opacity":"","overlay-gradient":""},"mobile":{"background-color":"","background-image":"","background-repeat":"repeat","background-position":"center center","background-size":"auto","background-attachment":"scroll","background-type":"","background-media":"","overlay-type":"","overlay-color":"","overlay-opacity":"","overlay-gradient":""}},"ast-content-background-meta":{"desktop":{"background-color":"var(--ast-global-color-5)","background-image":"","background-repeat":"repeat","background-position":"center center","background-size":"auto","background-attachment":"scroll","background-type":"","background-media":"","overlay-type":"","overlay-color":"","overlay-opacity":"","overlay-gradient":""},"tablet":{"background-color":"var(--ast-global-color-5)","background-image":"","background-repeat":"repeat","background-position":"center center","background-size":"auto","background-attachment":"scroll","background-type":"","background-media":"","overlay-type":"","overlay-color":"","overlay-opacity":"","overlay-gradient":""},"mobile":{"background-color":"var(--ast-global-color-5)","background-image":"","background-repeat":"repeat","background-position":"center center","background-size":"auto","background-attachment":"scroll","background-type":"","background-media":"","overlay-type":"","overlay-color":"","overlay-opacity":"","overlay-gradient":""}},"footnotes":""},"class_list":["post-10","page","type-page","status-publish","hentry"],"yoast_head":"<!-- This site is optimized with the Yoast SEO Premium plugin v26.7 (Yoast SEO v27.0) - https:\/\/yoast.com\/product\/yoast-seo-premium-wordpress\/ -->\n<title>Services - PONOS<\/title>\n<meta name=\"robots\" content=\"index, follow, max-snippet:-1, max-image-preview:large, max-video-preview:-1\" \/>\n<link rel=\"canonical\" href=\"https:\/\/ponos-moex.fr\/en\/services\/\" \/>\n<meta property=\"og:locale\" content=\"en_GB\" \/>\n<meta property=\"og:type\" content=\"article\" \/>\n<meta property=\"og:title\" content=\"Services\" \/>\n<meta property=\"og:description\" content=\"SERVICES\" \/>\n<meta property=\"og:url\" content=\"https:\/\/ponos-moex.fr\/en\/services\/\" \/>\n<meta property=\"og:site_name\" content=\"PONOS\" \/>\n<meta property=\"article:publisher\" content=\"https:\/\/www.linkedin.com\/company\/ponos-moex\/yoast\" \/>\n<meta property=\"article:modified_time\" content=\"2024-05-17T08:54:35+00:00\" \/>\n<meta property=\"og:image\" content=\"https:\/\/ponos-moex.fr\/wp-content\/uploads\/2024\/05\/Fotolia_13895943_XS.jpg\" \/>\n<meta name=\"twitter:card\" content=\"summary_large_image\" \/>\n<meta name=\"twitter:label1\" content=\"Estimated reading time\" \/>\n\t<meta name=\"twitter:data1\" content=\"2 minutes\" \/>\n<script type=\"application\/ld+json\" class=\"yoast-schema-graph\">{\"@context\":\"https:\/\/schema.org\",\"@graph\":[{\"@type\":\"WebPage\",\"@id\":\"https:\/\/ponos-moex.fr\/services\/\",\"url\":\"https:\/\/ponos-moex.fr\/services\/\",\"name\":\"Services - PONOS\",\"isPartOf\":{\"@id\":\"https:\/\/ponos-moex.fr\/#website\"},\"primaryImageOfPage\":{\"@id\":\"https:\/\/ponos-moex.fr\/services\/#primaryimage\"},\"image\":{\"@id\":\"https:\/\/ponos-moex.fr\/services\/#primaryimage\"},\"thumbnailUrl\":\"https:\/\/ponos-moex.fr\/wp-content\/uploads\/2024\/05\/Fotolia_13895943_XS.jpg\",\"datePublished\":\"2024-05-14T11:00:25+00:00\",\"dateModified\":\"2024-05-17T08:54:35+00:00\",\"breadcrumb\":{\"@id\":\"https:\/\/ponos-moex.fr\/services\/#breadcrumb\"},\"inLanguage\":\"en-GB\",\"potentialAction\":[{\"@type\":\"ReadAction\",\"target\":[\"https:\/\/ponos-moex.fr\/services\/\"]}]},{\"@type\":\"ImageObject\",\"inLanguage\":\"en-GB\",\"@id\":\"https:\/\/ponos-moex.fr\/services\/#primaryimage\",\"url\":\"https:\/\/ponos-moex.fr\/wp-content\/uploads\/2024\/05\/Fotolia_13895943_XS.jpg\",\"contentUrl\":\"https:\/\/ponos-moex.fr\/wp-content\/uploads\/2024\/05\/Fotolia_13895943_XS.jpg\"},{\"@type\":\"BreadcrumbList\",\"@id\":\"https:\/\/ponos-moex.fr\/services\/#breadcrumb\",\"itemListElement\":[{\"@type\":\"ListItem\",\"position\":1,\"name\":\"Accueil\",\"item\":\"https:\/\/ponos-moex.fr\/\"},{\"@type\":\"ListItem\",\"position\":2,\"name\":\"Services\"}]},{\"@type\":\"WebSite\",\"@id\":\"https:\/\/ponos-moex.fr\/#website\",\"url\":\"https:\/\/ponos-moex.fr\/\",\"name\":\"PONOS \u2013 MOEX\",\"description\":\"Notre engagement au service de l&#039;efficacit\u00e9\",\"publisher\":{\"@id\":\"https:\/\/ponos-moex.fr\/#organization\"},\"alternateName\":\"PONOS AMO-MOEX\",\"potentialAction\":[{\"@type\":\"SearchAction\",\"target\":{\"@type\":\"EntryPoint\",\"urlTemplate\":\"https:\/\/ponos-moex.fr\/?s={search_term_string}\"},\"query-input\":{\"@type\":\"PropertyValueSpecification\",\"valueRequired\":true,\"valueName\":\"search_term_string\"}}],\"inLanguage\":\"en-GB\"},{\"@type\":\"Organization\",\"@id\":\"https:\/\/ponos-moex.fr\/#organization\",\"name\":\"PONOS\",\"alternateName\":\"PONOS AMO - MOEX\",\"url\":\"https:\/\/ponos-moex.fr\/\",\"logo\":{\"@type\":\"ImageObject\",\"inLanguage\":\"en-GB\",\"@id\":\"https:\/\/ponos-moex.fr\/#\/schema\/logo\/image\/\",\"url\":\"https:\/\/ponos-moex.fr\/wp-content\/uploads\/2026\/02\/Ponos_Logo_02_Noir_Fond-blanc.HD_.jpg\",\"contentUrl\":\"https:\/\/ponos-moex.fr\/wp-content\/uploads\/2026\/02\/Ponos_Logo_02_Noir_Fond-blanc.HD_.jpg\",\"width\":595,\"height\":582,\"caption\":\"PONOS\"},\"image\":{\"@id\":\"https:\/\/ponos-moex.fr\/#\/schema\/logo\/image\/\"},\"sameAs\":[\"https:\/\/www.linkedin.com\/company\/ponos-moex\/yoast\"],\"description\":\"Agence de maitrise d'oeuvre d'execution et d'assistance \u00e0 maitrise d'ouvrage. Piliers dans le cadre des projets complexe et en milieu occup\u00e9 en ERP\",\"email\":\"postmaster@ponos-moex.fr\",\"taxID\":\"98438258000012\",\"numberOfEmployees\":{\"@type\":\"QuantitativeValue\",\"minValue\":\"1\",\"maxValue\":\"10\"},\"ethicsPolicy\":\"https:\/\/ponos-moex.fr\/services\/\"}]}<\/script>\n<!-- \/ Yoast SEO Premium plugin. -->","yoast_head_json":{"title":"Services - PONOS","robots":{"index":"index","follow":"follow","max-snippet":"max-snippet:-1","max-image-preview":"max-image-preview:large","max-video-preview":"max-video-preview:-1"},"canonical":"https:\/\/ponos-moex.fr\/en\/services\/","og_locale":"en_GB","og_type":"article","og_title":"Services","og_description":"SERVICES","og_url":"https:\/\/ponos-moex.fr\/en\/services\/","og_site_name":"PONOS","article_publisher":"https:\/\/www.linkedin.com\/company\/ponos-moex\/yoast","article_modified_time":"2024-05-17T08:54:35+00:00","og_image":[{"url":"https:\/\/ponos-moex.fr\/wp-content\/uploads\/2024\/05\/Fotolia_13895943_XS.jpg","type":"","width":"","height":""}],"twitter_card":"summary_large_image","twitter_misc":{"Estimated reading time":"2 minutes"},"schema":{"@context":"https:\/\/schema.org","@graph":[{"@type":"WebPage","@id":"https:\/\/ponos-moex.fr\/services\/","url":"https:\/\/ponos-moex.fr\/services\/","name":"Services - PONOS","isPartOf":{"@id":"https:\/\/ponos-moex.fr\/#website"},"primaryImageOfPage":{"@id":"https:\/\/ponos-moex.fr\/services\/#primaryimage"},"image":{"@id":"https:\/\/ponos-moex.fr\/services\/#primaryimage"},"thumbnailUrl":"https:\/\/ponos-moex.fr\/wp-content\/uploads\/2024\/05\/Fotolia_13895943_XS.jpg","datePublished":"2024-05-14T11:00:25+00:00","dateModified":"2024-05-17T08:54:35+00:00","breadcrumb":{"@id":"https:\/\/ponos-moex.fr\/services\/#breadcrumb"},"inLanguage":"en-GB","potentialAction":[{"@type":"ReadAction","target":["https:\/\/ponos-moex.fr\/services\/"]}]},{"@type":"ImageObject","inLanguage":"en-GB","@id":"https:\/\/ponos-moex.fr\/services\/#primaryimage","url":"https:\/\/ponos-moex.fr\/wp-content\/uploads\/2024\/05\/Fotolia_13895943_XS.jpg","contentUrl":"https:\/\/ponos-moex.fr\/wp-content\/uploads\/2024\/05\/Fotolia_13895943_XS.jpg"},{"@type":"BreadcrumbList","@id":"https:\/\/ponos-moex.fr\/services\/#breadcrumb","itemListElement":[{"@type":"ListItem","position":1,"name":"Accueil","item":"https:\/\/ponos-moex.fr\/"},{"@type":"ListItem","position":2,"name":"Services"}]},{"@type":"WebSite","@id":"https:\/\/ponos-moex.fr\/#website","url":"https:\/\/ponos-moex.fr\/","name":"PONOS \u2013 MOEX","description":"Notre engagement au service de l&#039;efficacit\u00e9","publisher":{"@id":"https:\/\/ponos-moex.fr\/#organization"},"alternateName":"PONOS AMO-MOEX","potentialAction":[{"@type":"SearchAction","target":{"@type":"EntryPoint","urlTemplate":"https:\/\/ponos-moex.fr\/?s={search_term_string}"},"query-input":{"@type":"PropertyValueSpecification","valueRequired":true,"valueName":"search_term_string"}}],"inLanguage":"en-GB"},{"@type":"Organization","@id":"https:\/\/ponos-moex.fr\/#organization","name":"PONOS","alternateName":"PONOS AMO - MOEX","url":"https:\/\/ponos-moex.fr\/","logo":{"@type":"ImageObject","inLanguage":"en-GB","@id":"https:\/\/ponos-moex.fr\/#\/schema\/logo\/image\/","url":"https:\/\/ponos-moex.fr\/wp-content\/uploads\/2026\/02\/Ponos_Logo_02_Noir_Fond-blanc.HD_.jpg","contentUrl":"https:\/\/ponos-moex.fr\/wp-content\/uploads\/2026\/02\/Ponos_Logo_02_Noir_Fond-blanc.HD_.jpg","width":595,"height":582,"caption":"PONOS"},"image":{"@id":"https:\/\/ponos-moex.fr\/#\/schema\/logo\/image\/"},"sameAs":["https:\/\/www.linkedin.com\/company\/ponos-moex\/yoast"],"description":"Agence de maitrise d'oeuvre d'execution et d'assistance \u00e0 maitrise d'ouvrage. Piliers dans le cadre des projets complexe et en milieu occup\u00e9 en ERP","email":"postmaster@ponos-moex.fr","taxID":"98438258000012","numberOfEmployees":{"@type":"QuantitativeValue","minValue":"1","maxValue":"10"},"ethicsPolicy":"https:\/\/ponos-moex.fr\/services\/"}]}},"uagb_featured_image_src":{"full":false,"thumbnail":false,"medium":false,"medium_large":false,"large":false,"1536x1536":false,"2048x2048":false,"trp-custom-language-flag":false},"uagb_author_info":{"display_name":"PONOS89","author_link":"https:\/\/ponos-moex.fr\/en\/author\/admin4501\/"},"uagb_comment_info":0,"uagb_excerpt":"SERVICES","_links":{"self":[{"href":"https:\/\/ponos-moex.fr\/en\/wp-json\/wp\/v2\/pages\/10","targetHints":{"allow":["GET"]}}],"collection":[{"href":"https:\/\/ponos-moex.fr\/en\/wp-json\/wp\/v2\/pages"}],"about":[{"href":"https:\/\/ponos-moex.fr\/en\/wp-json\/wp\/v2\/types\/page"}],"author":[{"embeddable":true,"href":"https:\/\/ponos-moex.fr\/en\/wp-json\/wp\/v2\/users\/1"}],"replies":[{"embeddable":true,"href":"https:\/\/ponos-moex.fr\/en\/wp-json\/wp\/v2\/comments?post=10"}],"version-history":[{"count":5,"href":"https:\/\/ponos-moex.fr\/en\/wp-json\/wp\/v2\/pages\/10\/revisions"}],"predecessor-version":[{"id":575,"href":"https:\/\/ponos-moex.fr\/en\/wp-json\/wp\/v2\/pages\/10\/revisions\/575"}],"wp:attachment":[{"href":"https:\/\/ponos-moex.fr\/en\/wp-json\/wp\/v2\/media?parent=10"}],"curies":[{"name":"wp","href":"https:\/\/api.w.org\/{rel}","templated":true}]}}