{"id":494,"date":"2024-05-14T13:00:24","date_gmt":"2024-05-14T11:00:24","guid":{"rendered":"https:\/\/ponos-moex.fr\/index.php\/home\/"},"modified":"2024-06-25T11:00:54","modified_gmt":"2024-06-25T09:00:54","slug":"acceuil","status":"publish","type":"page","link":"https:\/\/ponos-moex.fr\/en\/","title":{"rendered":"Acceuil"},"content":{"rendered":"<div data-elementor-type=\"wp-page\" data-elementor-id=\"494\" class=\"elementor elementor-494\">\n\t\t\t\t<div class=\"elementor-element elementor-element-7fb821c4 e-flex e-con-boxed e-con e-parent\" data-id=\"7fb821c4\" data-element_type=\"container\" data-e-type=\"container\">\n\t\t\t\t\t<div class=\"e-con-inner\">\n\t\t\t\t<div class=\"elementor-element elementor-element-fb5efa3 elementor-widget elementor-widget-text-editor\" data-id=\"fb5efa3\" data-element_type=\"widget\" data-e-type=\"widget\" data-widget_type=\"text-editor.default\">\n\t\t\t\t<div class=\"elementor-widget-container\">\n\t\t\t\t\t\t\t\t\t\n<div class=\"wp-block-uagb-container uagb-block-df794a50 alignfull uagb-is-root-container\">\n<div class=\"uagb-container-inner-blocks-wrap\">\n<div class=\"wp-block-uagb-advanced-heading uagb-block-766e2cd9\">\n<h5 class=\"uagb-heading-text\">\u00a0<\/h5>\n<\/div>\n\n\n\n<div class=\"wp-block-uagb-info-box uagb-block-b3386ea8 uagb-infobox__content-wrap  uagb-infobox-icon-above-title uagb-infobox-image-valign-top\">\n<div class=\"uagb-ifb-content\">\n<div class=\"uagb-ifb-title-wrap\">\n<h1 class=\"uagb-ifb-title\" style=\"text-align: center;\">PONOS &#8211; AMO &#8211; MOEX<\/h1>\n<\/div>\n<div class=\"uagb-ifb-button-wrapper wp-block-button\">\u00a0<\/div>\n<\/div>\n<\/div>\n\n\n\n<div class=\"wp-block-uagb-info-box uagb-block-95b66126 uagb-infobox__content-wrap  uagb-infobox-icon-above-title uagb-infobox-image-valign-top\">\n<div class=\"uagb-ifb-content\">\n<div class=\"uagb-ifb-icon-wrap\">\u00a0<\/div>\n<div class=\"uagb-ifb-title-wrap\">\u00a0<\/div>\n<\/div>\n<\/div>\n<\/div>\n<\/div>\n\n\n\n<div class=\"wp-block-uagb-container uagb-block-a9605dcc alignfull uagb-is-root-container\">\n<div class=\"uagb-container-inner-blocks-wrap\">\n<div class=\"wp-block-uagb-advanced-heading uagb-block-e759fc8b\">\n<h5 class=\"uagb-heading-text\">A propos de nous<\/h5>\n<\/div>\n\n\n\n<div class=\"wp-block-uagb-info-box uagb-block-eed855e8 uagb-infobox__content-wrap  uagb-infobox-icon-above-title uagb-infobox-image-valign-top\">\n<div class=\"uagb-ifb-content\">\n<div class=\"uagb-ifb-title-wrap\">\n<h2 class=\"uagb-ifb-title\">10 ans d\u2019exp\u00e9rience \u00e0 votre service<\/h2>\n<\/div>\n<p class=\"uagb-ifb-desc\">Chez PONOS, notre engagement envers nos clients va au-del\u00e0 de la simple r\u00e9alisation de projets. Nous sommes vos partenaires, vivant chaque moment du processus avec une connexion profonde. Notre \u00e9quipe, proche et d\u00e9di\u00e9e, int\u00e8gre des va-leurs humaines telles que la transparence et l\u2019\u00e9coute attentive de vos besoins. Nous ne nous contentons pas de fournir une ma\u00eetrise d\u2019\u0153uvre d\u2019ex\u00e9cution rigoureuse, mais \u00e9galement des missions d\u2019assistance \u00e0 ma\u00eetrise d\u2019ouvrage et de conseils dans le cas d\u2019audits immobilier. En vous offrant une perspective holistique, nous apportons des solutions innovantes et personnalis\u00e9es \u00e0 chaque situation. Chez PONOS, chaque projet est une histoire partag\u00e9e, o\u00f9 notre expertise professionnelle et notre relation client exceptionnelle convergent pour cr\u00e9er des r\u00e9ussites durables et m\u00e9morables.<\/p>\n<div class=\"uagb-ifb-button-wrapper wp-block-button\">\u00a0<\/div>\n<\/div>\n<\/div>\n<\/div>\n<\/div>\n\n\n\n<div class=\"wp-block-uagb-container uagb-block-531ff76d alignfull uagb-is-root-container\">\n<div class=\"uagb-container-inner-blocks-wrap\">\n<div class=\"wp-block-uagb-container uagb-block-6501827e\">\n<div class=\"wp-block-uagb-advanced-heading uagb-block-92dd5a5b\">\n<h2 class=\"uagb-heading-text\"><span style=\"color: #ffffff;\">Nos secteurs d&rsquo;activit\u00e9s<\/span><\/h2>\n<\/div>\n\n\n\n<div class=\"wp-block-uagb-info-box uagb-block-802a77db uagb-infobox__content-wrap  uagb-infobox-icon-above-title uagb-infobox-image-valign-top\">\n<div class=\"uagb-ifb-content\">\n<div class=\"uagb-ifb-title-wrap\">\n<h4 class=\"uagb-ifb-title\"><span style=\"color: #ffffff;\">Sp\u00e9cialis\u00e9s depuis plusieurs ann\u00e9es dans les ERP, nous intervenons majoritairement sur les \u00e9tablissements suivants :<\/span><\/h4>\n<\/div>\n<div class=\"uagb-ifb-separator\">\u00a0<\/div>\n<\/div>\n<\/div>\n\n\n\n<div class=\"wp-block-uagb-info-box uagb-block-1ede79d4 uagb-infobox__content-wrap  uagb-infobox-icon-above-title uagb-infobox-image-valign-top\">\n<div class=\"uagb-ifb-content\">\n<div class=\"uagb-ifb-title-wrap\">\n<h4 class=\"uagb-ifb-title\"><span style=\"color: #ffffff;\">ERP de type U et J<\/span><\/h4>\n<\/div>\n<p class=\"uagb-ifb-desc\"><span style=\"color: #ffffff;\"><strong>Rassemblant les \u00e9tablissements m\u00e9dico-sociaux et sanitaires<\/strong><\/span><\/p>\n<div class=\"uagb-ifb-separator\">\u00a0<\/div>\n<\/div>\n<\/div>\n\n\n\n<div class=\"wp-block-uagb-info-box uagb-block-e5ba37f9 uagb-infobox__content-wrap  uagb-infobox-icon-above-title uagb-infobox-image-valign-top\">\n<div class=\"uagb-ifb-content\">\n<div class=\"uagb-ifb-title-wrap\">\n<h4 class=\"uagb-ifb-title\"><span style=\"color: #ffffff;\">ERP de type M,X,L,H<\/span><\/h4>\n<\/div>\n<p class=\"uagb-ifb-desc\"><strong><span style=\"color: #ffffff;\">Tertiaires, h\u00f4tellerie, salle polyvalente.<\/span><\/strong><\/p>\n<div class=\"uagb-ifb-separator\">\u00a0<\/div>\n<\/div>\n<\/div>\n\n\n\n<div class=\"wp-block-uagb-info-box uagb-block-6aa54f9d uagb-infobox__content-wrap  uagb-infobox-icon-above-title uagb-infobox-image-valign-top\">\n<div class=\"uagb-ifb-content\">\n<div class=\"uagb-ifb-title-wrap\">\n<h4 class=\"uagb-ifb-title\"><span style=\"color: #ffffff;\">Logements de tous types et cat\u00e9gories.<\/span><\/h4>\n<\/div>\n<p class=\"uagb-ifb-desc\"><span style=\"color: #ffffff;\"><strong>\u00c0 mutualiser avec un ERP ou en logement pur.<\/strong><\/span><\/p>\n<\/div>\n<\/div>\n<\/div>\n<\/div>\n<\/div>\n\n\n\n<div class=\"wp-block-uagb-container uagb-block-2658a530 alignfull uagb-is-root-container\">\n<div class=\"uagb-container-inner-blocks-wrap\">\n<div class=\"wp-block-uagb-advanced-heading uagb-block-4d9fa7b0\">\u00a0<\/div>\n\n\n\n<div class=\"wp-block-uagb-advanced-heading uagb-block-9840810a\">\n<h2 class=\"uagb-heading-text\">Notre expertise \u00e0 votre service<\/h2>\n<\/div>\n\n\n\n<div class=\"wp-block-uagb-container uagb-block-51af8b82\">\n<div class=\"wp-block-uagb-image uagb-block-0ac15d50 wp-block-uagb-image--layout-default wp-block-uagb-image--effect-static wp-block-uagb-image--align-none\">\n<figure class=\"wp-block-uagb-image__figure\"><img fetchpriority=\"high\" decoding=\"async\" class=\"uag-image-550\" title=\"20150427_194053_beok-1\" role=\"img\" src=\"https:\/\/ponos-moex.fr\/wp-content\/uploads\/2024\/05\/20150427_194053_beok-1.jpg\" sizes=\"(max-width: 480px) 150px\" srcset=\"https:\/\/ponos-moex.fr\/wp-content\/uploads\/2024\/05\/20150427_194053_beok-1.jpg ,https:\/\/ponos-moex.fr\/wp-content\/uploads\/2024\/05\/20150427_194053_beok-1.jpg 780w, https:\/\/ponos-moex.fr\/wp-content\/uploads\/2024\/05\/20150427_194053_beok-1.jpg 360w\" alt=\"\" width=\"417\" height=\"312\" \/><\/figure>\n<\/div>\n\n\n\n<div class=\"wp-block-uagb-image uagb-block-9a679d2f wp-block-uagb-image--layout-default wp-block-uagb-image--effect-static wp-block-uagb-image--align-none\">\n<figure class=\"wp-block-uagb-image__figure\"><img decoding=\"async\" class=\"uag-image-834\" title=\"sante\" role=\"img\" src=\"https:\/\/ponos-moex.fr\/wp-content\/uploads\/2024\/05\/sante-1024x634.jpg\" sizes=\"(max-width: 480px) 150px\" srcset=\"https:\/\/ponos-moex.fr\/wp-content\/uploads\/2024\/05\/sante-1024x634.jpg ,https:\/\/ponos-moex.fr\/wp-content\/uploads\/2024\/05\/sante.jpg 780w, https:\/\/ponos-moex.fr\/wp-content\/uploads\/2024\/05\/sante.jpg 360w\" alt=\"\" width=\"501\" height=\"310\" \/><\/figure>\n<\/div>\n\n\n\n<div class=\"wp-block-uagb-image uagb-block-d283d47d wp-block-uagb-image--layout-default wp-block-uagb-image--effect-static wp-block-uagb-image--align-none\">\n<figure class=\"wp-block-uagb-image__figure\"><img decoding=\"async\" class=\"uag-image-835\" title=\"937a88dfaffde6d8577e82134cc4ef040f75ee1b\" role=\"img\" src=\"https:\/\/ponos-moex.fr\/wp-content\/uploads\/2024\/05\/937a88dfaffde6d8577e82134cc4ef040f75ee1b.jpg\" sizes=\"(max-width: 480px) 150px\" srcset=\"https:\/\/ponos-moex.fr\/wp-content\/uploads\/2024\/05\/937a88dfaffde6d8577e82134cc4ef040f75ee1b.jpg ,https:\/\/ponos-moex.fr\/wp-content\/uploads\/2024\/05\/937a88dfaffde6d8577e82134cc4ef040f75ee1b.jpg 780w, https:\/\/ponos-moex.fr\/wp-content\/uploads\/2024\/05\/937a88dfaffde6d8577e82134cc4ef040f75ee1b.jpg 360w\" alt=\"\" width=\"544\" height=\"305\" \/><\/figure>\n<\/div>\n<\/div>\n\n\n\n<div class=\"wp-block-group is-layout-constrained wp-block-group-is-layout-constrained\">\n<div class=\"wp-block-columns is-layout-flex wp-container-core-columns-is-layout-28f84493 wp-block-columns-is-layout-flex\">\n<div class=\"wp-block-column is-layout-flow wp-block-column-is-layout-flow\" style=\"flex-basis: 100%;\"><\/div>\n<\/div>\n<\/div>\n<\/div>\n<\/div>\n\t\t\t\t\t\t\t\t<\/div>\n\t\t\t\t<\/div>\n\t\t\t\t\t<\/div>\n\t\t\t\t<\/div>\n\t\t<div class=\"elementor-element elementor-element-8111056 e-flex e-con-boxed e-con e-parent\" data-id=\"8111056\" data-element_type=\"container\" data-e-type=\"container\">\n\t\t\t\t\t<div class=\"e-con-inner\">\n\t\t\t\t\t<\/div>\n\t\t\t\t<\/div>\n\t\t<div class=\"elementor-element elementor-element-651778b e-flex e-con-boxed e-con e-parent\" data-id=\"651778b\" data-element_type=\"container\" data-e-type=\"container\">\n\t\t\t\t\t<div class=\"e-con-inner\">\n\t\t\t\t\t<\/div>\n\t\t\t\t<\/div>\n\t\t<div class=\"elementor-element elementor-element-3e10e7d e-flex e-con-boxed e-con e-parent\" data-id=\"3e10e7d\" data-element_type=\"container\" data-e-type=\"container\">\n\t\t\t\t\t<div class=\"e-con-inner\">\n\t\t\t\t\t<\/div>\n\t\t\t\t<\/div>\n\t\t\t\t<\/div>","protected":false},"excerpt":{"rendered":"<p>\u00a0 A propos de nous Nos secteurs d&rsquo;activit\u00e9s \u00a0 Notre expertise \u00e0 votre service<\/p>","protected":false},"author":1,"featured_media":0,"parent":0,"menu_order":0,"comment_status":"closed","ping_status":"closed","template":"","meta":{"_uag_custom_page_level_css":"","site-sidebar-layout":"no-sidebar","site-content-layout":"plain-container","ast-site-content-layout":"normal-width-container","site-content-style":"unboxed","site-sidebar-style":"unboxed","ast-global-header-display":"","ast-banner-title-visibility":"","ast-main-header-display":"","ast-hfb-above-header-display":"","ast-hfb-below-header-display":"","ast-hfb-mobile-header-display":"","site-post-title":"disabled","ast-breadcrumbs-content":"","ast-featured-img":"disabled","footer-sml-layout":"","ast-disable-related-posts":"","theme-transparent-header-meta":"enabled","adv-header-id-meta":"","stick-header-meta":"","header-above-stick-meta":"","header-main-stick-meta":"","header-below-stick-meta":"","astra-migrate-meta-layouts":"set","ast-page-background-enabled":"default","ast-page-background-meta":{"desktop":{"background-color":"","background-image":"","background-repeat":"repeat","background-position":"center center","background-size":"auto","background-attachment":"scroll","background-type":"","background-media":"","overlay-type":"","overlay-color":"","overlay-opacity":"","overlay-gradient":""},"tablet":{"background-color":"","background-image":"","background-repeat":"repeat","background-position":"center center","background-size":"auto","background-attachment":"scroll","background-type":"","background-media":"","overlay-type":"","overlay-color":"","overlay-opacity":"","overlay-gradient":""},"mobile":{"background-color":"","background-image":"","background-repeat":"repeat","background-position":"center center","background-size":"auto","background-attachment":"scroll","background-type":"","background-media":"","overlay-type":"","overlay-color":"","overlay-opacity":"","overlay-gradient":""}},"ast-content-background-meta":{"desktop":{"background-color":"var(--ast-global-color-5)","background-image":"","background-repeat":"repeat","background-position":"center center","background-size":"auto","background-attachment":"scroll","background-type":"","background-media":"","overlay-type":"","overlay-color":"","overlay-opacity":"","overlay-gradient":""},"tablet":{"background-color":"var(--ast-global-color-5)","background-image":"","background-repeat":"repeat","background-position":"center center","background-size":"auto","background-attachment":"scroll","background-type":"","background-media":"","overlay-type":"","overlay-color":"","overlay-opacity":"","overlay-gradient":""},"mobile":{"background-color":"var(--ast-global-color-5)","background-image":"","background-repeat":"repeat","background-position":"center center","background-size":"auto","background-attachment":"scroll","background-type":"","background-media":"","overlay-type":"","overlay-color":"","overlay-opacity":"","overlay-gradient":""}},"footnotes":""},"class_list":["post-494","page","type-page","status-publish","hentry"],"yoast_head":"<!-- This site is optimized with the Yoast SEO Premium plugin v26.7 (Yoast SEO v27.0) - https:\/\/yoast.com\/product\/yoast-seo-premium-wordpress\/ -->\n<title>Acceuil - PONOS<\/title>\n<meta name=\"robots\" content=\"index, follow, max-snippet:-1, max-image-preview:large, max-video-preview:-1\" \/>\n<link rel=\"canonical\" href=\"https:\/\/ponos-moex.fr\/en\/\" \/>\n<meta property=\"og:locale\" content=\"en_GB\" \/>\n<meta property=\"og:type\" content=\"article\" \/>\n<meta property=\"og:title\" content=\"Acceuil\" \/>\n<meta property=\"og:description\" content=\"\u00a0 A propos de nous Nos secteurs d&rsquo;activit\u00e9s \u00a0 Notre expertise \u00e0 votre service\" \/>\n<meta property=\"og:url\" content=\"https:\/\/ponos-moex.fr\/en\/\" \/>\n<meta property=\"og:site_name\" content=\"PONOS\" \/>\n<meta property=\"article:publisher\" content=\"https:\/\/www.linkedin.com\/company\/ponos-moex\/yoast\" \/>\n<meta property=\"article:modified_time\" content=\"2024-06-25T09:00:54+00:00\" \/>\n<meta property=\"og:image\" content=\"https:\/\/ponos-moex.fr\/wp-content\/uploads\/2024\/05\/20150427_194053_beok-1.jpg\" \/>\n<meta name=\"twitter:card\" content=\"summary_large_image\" \/>\n<meta name=\"twitter:label1\" content=\"Estimated reading time\" \/>\n\t<meta name=\"twitter:data1\" content=\"2 minutes\" \/>\n<script type=\"application\/ld+json\" class=\"yoast-schema-graph\">{\"@context\":\"https:\/\/schema.org\",\"@graph\":[{\"@type\":\"WebPage\",\"@id\":\"https:\/\/ponos-moex.fr\/\",\"url\":\"https:\/\/ponos-moex.fr\/\",\"name\":\"Acceuil - PONOS\",\"isPartOf\":{\"@id\":\"https:\/\/ponos-moex.fr\/#website\"},\"primaryImageOfPage\":{\"@id\":\"https:\/\/ponos-moex.fr\/#primaryimage\"},\"image\":{\"@id\":\"https:\/\/ponos-moex.fr\/#primaryimage\"},\"thumbnailUrl\":\"https:\/\/ponos-moex.fr\/wp-content\/uploads\/2024\/05\/20150427_194053_beok-1.jpg\",\"datePublished\":\"2024-05-14T11:00:24+00:00\",\"dateModified\":\"2024-06-25T09:00:54+00:00\",\"breadcrumb\":{\"@id\":\"https:\/\/ponos-moex.fr\/#breadcrumb\"},\"inLanguage\":\"en-GB\",\"potentialAction\":[{\"@type\":\"ReadAction\",\"target\":[\"https:\/\/ponos-moex.fr\/\"]}]},{\"@type\":\"ImageObject\",\"inLanguage\":\"en-GB\",\"@id\":\"https:\/\/ponos-moex.fr\/#primaryimage\",\"url\":\"https:\/\/ponos-moex.fr\/wp-content\/uploads\/2024\/05\/20150427_194053_beok-1.jpg\",\"contentUrl\":\"https:\/\/ponos-moex.fr\/wp-content\/uploads\/2024\/05\/20150427_194053_beok-1.jpg\"},{\"@type\":\"BreadcrumbList\",\"@id\":\"https:\/\/ponos-moex.fr\/#breadcrumb\",\"itemListElement\":[{\"@type\":\"ListItem\",\"position\":1,\"name\":\"Accueil\",\"item\":\"https:\/\/ponos-moex.fr\/\"},{\"@type\":\"ListItem\",\"position\":2,\"name\":\"Acceuil\"}]},{\"@type\":\"WebSite\",\"@id\":\"https:\/\/ponos-moex.fr\/#website\",\"url\":\"https:\/\/ponos-moex.fr\/\",\"name\":\"PONOS \u2013 MOEX\",\"description\":\"Notre engagement au service de l&#039;efficacit\u00e9\",\"publisher\":{\"@id\":\"https:\/\/ponos-moex.fr\/#organization\"},\"alternateName\":\"PONOS AMO-MOEX\",\"potentialAction\":[{\"@type\":\"SearchAction\",\"target\":{\"@type\":\"EntryPoint\",\"urlTemplate\":\"https:\/\/ponos-moex.fr\/?s={search_term_string}\"},\"query-input\":{\"@type\":\"PropertyValueSpecification\",\"valueRequired\":true,\"valueName\":\"search_term_string\"}}],\"inLanguage\":\"en-GB\"},{\"@type\":\"Organization\",\"@id\":\"https:\/\/ponos-moex.fr\/#organization\",\"name\":\"PONOS\",\"alternateName\":\"PONOS AMO - MOEX\",\"url\":\"https:\/\/ponos-moex.fr\/\",\"logo\":{\"@type\":\"ImageObject\",\"inLanguage\":\"en-GB\",\"@id\":\"https:\/\/ponos-moex.fr\/#\/schema\/logo\/image\/\",\"url\":\"https:\/\/ponos-moex.fr\/wp-content\/uploads\/2026\/02\/Ponos_Logo_02_Noir_Fond-blanc.HD_.jpg\",\"contentUrl\":\"https:\/\/ponos-moex.fr\/wp-content\/uploads\/2026\/02\/Ponos_Logo_02_Noir_Fond-blanc.HD_.jpg\",\"width\":595,\"height\":582,\"caption\":\"PONOS\"},\"image\":{\"@id\":\"https:\/\/ponos-moex.fr\/#\/schema\/logo\/image\/\"},\"sameAs\":[\"https:\/\/www.linkedin.com\/company\/ponos-moex\/yoast\"],\"description\":\"Agence de maitrise d'oeuvre d'execution et d'assistance \u00e0 maitrise d'ouvrage. Piliers dans le cadre des projets complexe et en milieu occup\u00e9 en ERP\",\"email\":\"postmaster@ponos-moex.fr\",\"taxID\":\"98438258000012\",\"numberOfEmployees\":{\"@type\":\"QuantitativeValue\",\"minValue\":\"1\",\"maxValue\":\"10\"},\"ethicsPolicy\":\"https:\/\/ponos-moex.fr\/services\/\"}]}<\/script>\n<!-- \/ Yoast SEO Premium plugin. -->","yoast_head_json":{"title":"Acceuil - PONOS","robots":{"index":"index","follow":"follow","max-snippet":"max-snippet:-1","max-image-preview":"max-image-preview:large","max-video-preview":"max-video-preview:-1"},"canonical":"https:\/\/ponos-moex.fr\/en\/","og_locale":"en_GB","og_type":"article","og_title":"Acceuil","og_description":"\u00a0 A propos de nous Nos secteurs d&rsquo;activit\u00e9s \u00a0 Notre expertise \u00e0 votre service","og_url":"https:\/\/ponos-moex.fr\/en\/","og_site_name":"PONOS","article_publisher":"https:\/\/www.linkedin.com\/company\/ponos-moex\/yoast","article_modified_time":"2024-06-25T09:00:54+00:00","og_image":[{"url":"https:\/\/ponos-moex.fr\/wp-content\/uploads\/2024\/05\/20150427_194053_beok-1.jpg","type":"","width":"","height":""}],"twitter_card":"summary_large_image","twitter_misc":{"Estimated reading time":"2 minutes"},"schema":{"@context":"https:\/\/schema.org","@graph":[{"@type":"WebPage","@id":"https:\/\/ponos-moex.fr\/","url":"https:\/\/ponos-moex.fr\/","name":"Acceuil - PONOS","isPartOf":{"@id":"https:\/\/ponos-moex.fr\/#website"},"primaryImageOfPage":{"@id":"https:\/\/ponos-moex.fr\/#primaryimage"},"image":{"@id":"https:\/\/ponos-moex.fr\/#primaryimage"},"thumbnailUrl":"https:\/\/ponos-moex.fr\/wp-content\/uploads\/2024\/05\/20150427_194053_beok-1.jpg","datePublished":"2024-05-14T11:00:24+00:00","dateModified":"2024-06-25T09:00:54+00:00","breadcrumb":{"@id":"https:\/\/ponos-moex.fr\/#breadcrumb"},"inLanguage":"en-GB","potentialAction":[{"@type":"ReadAction","target":["https:\/\/ponos-moex.fr\/"]}]},{"@type":"ImageObject","inLanguage":"en-GB","@id":"https:\/\/ponos-moex.fr\/#primaryimage","url":"https:\/\/ponos-moex.fr\/wp-content\/uploads\/2024\/05\/20150427_194053_beok-1.jpg","contentUrl":"https:\/\/ponos-moex.fr\/wp-content\/uploads\/2024\/05\/20150427_194053_beok-1.jpg"},{"@type":"BreadcrumbList","@id":"https:\/\/ponos-moex.fr\/#breadcrumb","itemListElement":[{"@type":"ListItem","position":1,"name":"Accueil","item":"https:\/\/ponos-moex.fr\/"},{"@type":"ListItem","position":2,"name":"Acceuil"}]},{"@type":"WebSite","@id":"https:\/\/ponos-moex.fr\/#website","url":"https:\/\/ponos-moex.fr\/","name":"PONOS \u2013 MOEX","description":"Notre engagement au service de l&#039;efficacit\u00e9","publisher":{"@id":"https:\/\/ponos-moex.fr\/#organization"},"alternateName":"PONOS AMO-MOEX","potentialAction":[{"@type":"SearchAction","target":{"@type":"EntryPoint","urlTemplate":"https:\/\/ponos-moex.fr\/?s={search_term_string}"},"query-input":{"@type":"PropertyValueSpecification","valueRequired":true,"valueName":"search_term_string"}}],"inLanguage":"en-GB"},{"@type":"Organization","@id":"https:\/\/ponos-moex.fr\/#organization","name":"PONOS","alternateName":"PONOS AMO - MOEX","url":"https:\/\/ponos-moex.fr\/","logo":{"@type":"ImageObject","inLanguage":"en-GB","@id":"https:\/\/ponos-moex.fr\/#\/schema\/logo\/image\/","url":"https:\/\/ponos-moex.fr\/wp-content\/uploads\/2026\/02\/Ponos_Logo_02_Noir_Fond-blanc.HD_.jpg","contentUrl":"https:\/\/ponos-moex.fr\/wp-content\/uploads\/2026\/02\/Ponos_Logo_02_Noir_Fond-blanc.HD_.jpg","width":595,"height":582,"caption":"PONOS"},"image":{"@id":"https:\/\/ponos-moex.fr\/#\/schema\/logo\/image\/"},"sameAs":["https:\/\/www.linkedin.com\/company\/ponos-moex\/yoast"],"description":"Agence de maitrise d'oeuvre d'execution et d'assistance \u00e0 maitrise d'ouvrage. Piliers dans le cadre des projets complexe et en milieu occup\u00e9 en ERP","email":"postmaster@ponos-moex.fr","taxID":"98438258000012","numberOfEmployees":{"@type":"QuantitativeValue","minValue":"1","maxValue":"10"},"ethicsPolicy":"https:\/\/ponos-moex.fr\/services\/"}]}},"uagb_featured_image_src":{"full":false,"thumbnail":false,"medium":false,"medium_large":false,"large":false,"1536x1536":false,"2048x2048":false,"trp-custom-language-flag":false},"uagb_author_info":{"display_name":"PONOS89","author_link":"https:\/\/ponos-moex.fr\/en\/author\/admin4501\/"},"uagb_comment_info":0,"uagb_excerpt":"\u00a0 A propos de nous Nos secteurs d&rsquo;activit\u00e9s \u00a0 Notre expertise \u00e0 votre service","_links":{"self":[{"href":"https:\/\/ponos-moex.fr\/en\/wp-json\/wp\/v2\/pages\/494","targetHints":{"allow":["GET"]}}],"collection":[{"href":"https:\/\/ponos-moex.fr\/en\/wp-json\/wp\/v2\/pages"}],"about":[{"href":"https:\/\/ponos-moex.fr\/en\/wp-json\/wp\/v2\/types\/page"}],"author":[{"embeddable":true,"href":"https:\/\/ponos-moex.fr\/en\/wp-json\/wp\/v2\/users\/1"}],"replies":[{"embeddable":true,"href":"https:\/\/ponos-moex.fr\/en\/wp-json\/wp\/v2\/comments?post=494"}],"version-history":[{"count":53,"href":"https:\/\/ponos-moex.fr\/en\/wp-json\/wp\/v2\/pages\/494\/revisions"}],"predecessor-version":[{"id":911,"href":"https:\/\/ponos-moex.fr\/en\/wp-json\/wp\/v2\/pages\/494\/revisions\/911"}],"wp:attachment":[{"href":"https:\/\/ponos-moex.fr\/en\/wp-json\/wp\/v2\/media?parent=494"}],"curies":[{"name":"wp","href":"https:\/\/api.w.org\/{rel}","templated":true}]}}