{"id":495,"date":"2024-05-14T13:00:25","date_gmt":"2024-05-14T11:00:25","guid":{"rendered":"https:\/\/ponos-moex.fr\/index.php\/about\/"},"modified":"2026-02-15T21:52:18","modified_gmt":"2026-02-15T20:52:18","slug":"about","status":"publish","type":"page","link":"https:\/\/ponos-moex.fr\/en\/about\/","title":{"rendered":"A propos de nous"},"content":{"rendered":"<div class=\"wp-block-uagb-container uagb-block-ea8750ae alignfull uagb-is-root-container\"><div class=\"uagb-container-inner-blocks-wrap\">\n<div class=\"wp-block-uagb-advanced-heading uagb-block-5d0596af\"><h1 class=\"uagb-heading-text\">A PROPOS DE NOUS&#8230;<\/h1><\/div>\n<\/div><\/div>\n\n\n\n<div class=\"wp-block-uagb-container uagb-block-32e874b4 alignfull uagb-is-root-container\"><div class=\"uagb-container-inner-blocks-wrap\">\n<div class=\"wp-block-uagb-container uagb-block-b1a2a405\">\n<div class=\"wp-block-uagb-advanced-heading uagb-block-0668094a\"><h5 class=\"uagb-heading-text\">       Des solutions adapt\u00e9es \u00e0 chaque probl\u00e9matique<\/h5><\/div>\n\n\n\n<div class=\"wp-block-uagb-advanced-heading uagb-block-c24c18e9\"><h2 class=\"uagb-heading-text\">        Une passion au quotidien..<\/h2><\/div>\n\n\n\n<div class=\"wp-block-uagb-container uagb-block-4488f547\">\n<div class=\"wp-block-uagb-image uagb-block-70db74ec wp-block-uagb-image--layout-default wp-block-uagb-image--effect-static wp-block-uagb-image--align-none\"><figure class=\"wp-block-uagb-image__figure\"><img loading=\"lazy\" decoding=\"async\" srcset=\"https:\/\/ponos-moex.fr\/wp-content\/uploads\/2024\/05\/selfie-site.png ,https:\/\/ponos-moex.fr\/wp-content\/uploads\/2024\/05\/selfie-site.png 780w, https:\/\/ponos-moex.fr\/wp-content\/uploads\/2024\/05\/selfie-site.png 360w\" sizes=\"auto, (max-width: 480px) 150px\" src=\"https:\/\/ponos-moex.fr\/wp-content\/uploads\/2024\/05\/selfie-site.png\" alt=\"\" class=\"uag-image-514\" width=\"354\" height=\"533\" title=\"selfie-site\" role=\"img\"\/><\/figure><\/div>\n<\/div>\n<\/div>\n\n\n\n<div class=\"wp-block-uagb-container uagb-block-88a9afe9\">\n<p>Apr\u00e8s 10 ans d&rsquo;exp\u00e9rience en tant que ma\u00eetre d&rsquo;ouvrage, AMO (Assistance \u00e0 Ma\u00eetrise d&rsquo;Ouvrage) et promoteur dans les secteurs m\u00e9dico-social et sanitaire, je suis anim\u00e9 pour entretenir la r\u00e9flexion autour de nos projets en collaboration avec mes clients et partenaires. Nous avons constitu\u00e9 un r\u00e9seau de partenaires dynamiques, dot\u00e9s d&rsquo;une r\u00e9activit\u00e9, afin de favoriser l&rsquo;\u00e9mergence de projets significatifs et adapt\u00e9s aux besoins du secteur.<\/p>\n\n\n\n<p><br>Nos trois principaux axes et int\u00e9r\u00eat sont les suivants :<\/p>\n\n\n\n<ul class=\"wp-block-list\">\n<li>P\u00e9rennit\u00e9 du b\u00e2timent<\/li>\n\n\n\n<li>Confort d&rsquo;exploitation et d&rsquo;usage<\/li>\n\n\n\n<li>Prise en compte des enjeux (d\u00e9carbonisation, r\u00e9emploi, obligations)<\/li>\n<\/ul>\n<\/div>\n<\/div><\/div>\n\n\n\n<div class=\"wp-block-uagb-container uagb-block-a24f4459 alignfull uagb-is-root-container\"><div class=\"uagb-container-inner-blocks-wrap\">\n<div class=\"wp-block-uagb-container uagb-block-8e954d04\">\n<div class=\"wp-block-uagb-container uagb-block-f0f8e574\">\n<div class=\"wp-block-uagb-advanced-heading uagb-block-b40acca8\"><\/div>\n\n\n\n<div class=\"wp-block-uagb-advanced-heading uagb-block-4be81073\"><h2 class=\"uagb-heading-text\">Quelques chiffres <\/h2><\/div>\n<\/div>\n\n\n\n<div class=\"wp-block-uagb-container uagb-block-27364e64\">\n<div class=\"wp-block-uagb-advanced-heading uagb-block-a31acc4b\"><h2 class=\"uagb-heading-text\">5<\/h2><p class=\"uagb-desc-text\">Pays d&rsquo;intervention <\/p><\/div>\n<\/div>\n\n\n\n<div class=\"wp-block-uagb-container uagb-block-da66b824\">\n<div class=\"wp-block-uagb-advanced-heading uagb-block-1cd463bf\"><h2 class=\"uagb-heading-text\">15<\/h2><p class=\"uagb-desc-text\">ans d&rsquo;exp\u00e9rience dans le BTP <\/p><\/div>\n<\/div>\n\n\n\n<div class=\"wp-block-uagb-container uagb-block-7b0a3db6\">\n<div class=\"wp-block-uagb-advanced-heading uagb-block-db326e56\"><h2 class=\"uagb-heading-text\">80<\/h2><p class=\"uagb-desc-text\">Projets rendus<\/p><\/div>\n<\/div>\n<\/div>\n<\/div><\/div>\n\n\n\n<div class=\"wp-block-uagb-container uagb-block-75614e6f alignfull uagb-is-root-container\"><div class=\"uagb-container-inner-blocks-wrap\">\n<div class=\"wp-block-uagb-container uagb-block-c11f0907\">\n<div class=\"wp-block-uagb-advanced-heading uagb-block-52a1caf0\"><h3 class=\"uagb-heading-text\">Besoin d&rsquo;aides ? D&rsquo;accompagnement ? De conseil ? Consultez-nous.<\/h3><\/div>\n<\/div>\n\n\n\n<div class=\"wp-block-uagb-container uagb-block-fa3e077d\">\n<div class=\"wp-block-uagb-buttons uagb-buttons__outer-wrap uagb-btn__default-btn uagb-btn-tablet__default-btn uagb-btn-mobile__default-btn uagb-block-6f4e22f6\"><div class=\"uagb-buttons__wrap uagb-buttons-layout-wrap\">\n<div class=\"wp-block-uagb-buttons-child uagb-buttons__outer-wrap uagb-block-84c8109c wp-block-button\"><div class=\"uagb-button__wrapper\"><a class=\"uagb-buttons-repeater wp-block-button__link\" aria-label=\"\" href=\"#\" rel=\"follow noopener\" target=\"_self\" role=\"button\"><div class=\"uagb-button__link\">Learn More<\/div><\/a><\/div><\/div>\n<\/div><\/div>\n<\/div>\n<\/div><\/div>\n\n\n\n<div class=\"wp-block-uagb-advanced-heading uagb-block-d7135d99\"><h3 class=\"uagb-heading-text\">                                     <\/h3><\/div>","protected":false},"excerpt":{"rendered":"<p>A PROPOS DE NOUS&#8230; Des solutions adapt\u00e9es \u00e0 chaque probl\u00e9matique Une passion au quotidien.. Apr\u00e8s 10 ans d&rsquo;exp\u00e9rience en tant que ma\u00eetre d&rsquo;ouvrage, AMO (Assistance \u00e0 Ma\u00eetrise d&rsquo;Ouvrage) et promoteur dans les secteurs m\u00e9dico-social et sanitaire, je suis anim\u00e9 pour entretenir la r\u00e9flexion autour de nos projets en collaboration avec mes clients et partenaires. Nous [&hellip;]<\/p>","protected":false},"author":1,"featured_media":0,"parent":0,"menu_order":1,"comment_status":"closed","ping_status":"closed","template":"","meta":{"_uag_custom_page_level_css":"","site-sidebar-layout":"no-sidebar","site-content-layout":"plain-container","ast-site-content-layout":"normal-width-container","site-content-style":"unboxed","site-sidebar-style":"unboxed","ast-global-header-display":"","ast-banner-title-visibility":"","ast-main-header-display":"","ast-hfb-above-header-display":"","ast-hfb-below-header-display":"","ast-hfb-mobile-header-display":"","site-post-title":"disabled","ast-breadcrumbs-content":"","ast-featured-img":"disabled","footer-sml-layout":"","ast-disable-related-posts":"","theme-transparent-header-meta":"enabled","adv-header-id-meta":"","stick-header-meta":"","header-above-stick-meta":"","header-main-stick-meta":"","header-below-stick-meta":"","astra-migrate-meta-layouts":"set","ast-page-background-enabled":"default","ast-page-background-meta":{"desktop":{"background-color":"","background-image":"","background-repeat":"repeat","background-position":"center center","background-size":"auto","background-attachment":"scroll","background-type":"","background-media":"","overlay-type":"","overlay-color":"","overlay-opacity":"","overlay-gradient":""},"tablet":{"background-color":"","background-image":"","background-repeat":"repeat","background-position":"center center","background-size":"auto","background-attachment":"scroll","background-type":"","background-media":"","overlay-type":"","overlay-color":"","overlay-opacity":"","overlay-gradient":""},"mobile":{"background-color":"","background-image":"","background-repeat":"repeat","background-position":"center center","background-size":"auto","background-attachment":"scroll","background-type":"","background-media":"","overlay-type":"","overlay-color":"","overlay-opacity":"","overlay-gradient":""}},"ast-content-background-meta":{"desktop":{"background-color":"var(--ast-global-color-5)","background-image":"","background-repeat":"repeat","background-position":"center center","background-size":"auto","background-attachment":"scroll","background-type":"","background-media":"","overlay-type":"","overlay-color":"","overlay-opacity":"","overlay-gradient":""},"tablet":{"background-color":"var(--ast-global-color-5)","background-image":"","background-repeat":"repeat","background-position":"center center","background-size":"auto","background-attachment":"scroll","background-type":"","background-media":"","overlay-type":"","overlay-color":"","overlay-opacity":"","overlay-gradient":""},"mobile":{"background-color":"var(--ast-global-color-5)","background-image":"","background-repeat":"repeat","background-position":"center center","background-size":"auto","background-attachment":"scroll","background-type":"","background-media":"","overlay-type":"","overlay-color":"","overlay-opacity":"","overlay-gradient":""}},"footnotes":""},"class_list":["post-495","page","type-page","status-publish","hentry"],"yoast_head":"<!-- This site is optimized with the Yoast SEO Premium plugin v26.7 (Yoast SEO v27.0) - https:\/\/yoast.com\/product\/yoast-seo-premium-wordpress\/ -->\n<title>A propos de nous - PONOS<\/title>\n<meta name=\"robots\" content=\"index, follow, max-snippet:-1, max-image-preview:large, max-video-preview:-1\" \/>\n<link rel=\"canonical\" href=\"https:\/\/ponos-moex.fr\/en\/about\/\" \/>\n<meta property=\"og:locale\" content=\"en_GB\" \/>\n<meta property=\"og:type\" content=\"article\" \/>\n<meta property=\"og:title\" content=\"A propos de nous\" \/>\n<meta property=\"og:description\" content=\"A PROPOS DE NOUS&#8230; Des solutions adapt\u00e9es \u00e0 chaque probl\u00e9matique Une passion au quotidien.. Apr\u00e8s 10 ans d&rsquo;exp\u00e9rience en tant que ma\u00eetre d&rsquo;ouvrage, AMO (Assistance \u00e0 Ma\u00eetrise d&rsquo;Ouvrage) et promoteur dans les secteurs m\u00e9dico-social et sanitaire, je suis anim\u00e9 pour entretenir la r\u00e9flexion autour de nos projets en collaboration avec mes clients et partenaires. Nous [&hellip;]\" \/>\n<meta property=\"og:url\" content=\"https:\/\/ponos-moex.fr\/en\/about\/\" \/>\n<meta property=\"og:site_name\" content=\"PONOS\" \/>\n<meta property=\"article:publisher\" content=\"https:\/\/www.linkedin.com\/company\/ponos-moex\/yoast\" \/>\n<meta property=\"article:modified_time\" content=\"2026-02-15T20:52:18+00:00\" \/>\n<meta property=\"og:image\" content=\"http:\/\/ponos-moex.fr\/wp-content\/uploads\/2024\/05\/selfie-site.png\" \/>\n<meta name=\"twitter:card\" content=\"summary_large_image\" \/>\n<meta name=\"twitter:label1\" content=\"Estimated reading time\" \/>\n\t<meta name=\"twitter:data1\" content=\"1 minute\" \/>\n<script type=\"application\/ld+json\" class=\"yoast-schema-graph\">{\"@context\":\"https:\/\/schema.org\",\"@graph\":[{\"@type\":\"WebPage\",\"@id\":\"https:\/\/ponos-moex.fr\/about\/\",\"url\":\"https:\/\/ponos-moex.fr\/about\/\",\"name\":\"A propos de nous - PONOS\",\"isPartOf\":{\"@id\":\"https:\/\/ponos-moex.fr\/#website\"},\"primaryImageOfPage\":{\"@id\":\"https:\/\/ponos-moex.fr\/about\/#primaryimage\"},\"image\":{\"@id\":\"https:\/\/ponos-moex.fr\/about\/#primaryimage\"},\"thumbnailUrl\":\"http:\/\/ponos-moex.fr\/wp-content\/uploads\/2024\/05\/selfie-site.png\",\"datePublished\":\"2024-05-14T11:00:25+00:00\",\"dateModified\":\"2026-02-15T20:52:18+00:00\",\"breadcrumb\":{\"@id\":\"https:\/\/ponos-moex.fr\/about\/#breadcrumb\"},\"inLanguage\":\"en-GB\",\"potentialAction\":[{\"@type\":\"ReadAction\",\"target\":[\"https:\/\/ponos-moex.fr\/about\/\"]}]},{\"@type\":\"ImageObject\",\"inLanguage\":\"en-GB\",\"@id\":\"https:\/\/ponos-moex.fr\/about\/#primaryimage\",\"url\":\"http:\/\/ponos-moex.fr\/wp-content\/uploads\/2024\/05\/selfie-site.png\",\"contentUrl\":\"http:\/\/ponos-moex.fr\/wp-content\/uploads\/2024\/05\/selfie-site.png\"},{\"@type\":\"BreadcrumbList\",\"@id\":\"https:\/\/ponos-moex.fr\/about\/#breadcrumb\",\"itemListElement\":[{\"@type\":\"ListItem\",\"position\":1,\"name\":\"Accueil\",\"item\":\"https:\/\/ponos-moex.fr\/\"},{\"@type\":\"ListItem\",\"position\":2,\"name\":\"A propos de nous\"}]},{\"@type\":\"WebSite\",\"@id\":\"https:\/\/ponos-moex.fr\/#website\",\"url\":\"https:\/\/ponos-moex.fr\/\",\"name\":\"PONOS \u2013 MOEX\",\"description\":\"Notre engagement au service de l&#039;efficacit\u00e9\",\"publisher\":{\"@id\":\"https:\/\/ponos-moex.fr\/#organization\"},\"alternateName\":\"PONOS AMO-MOEX\",\"potentialAction\":[{\"@type\":\"SearchAction\",\"target\":{\"@type\":\"EntryPoint\",\"urlTemplate\":\"https:\/\/ponos-moex.fr\/?s={search_term_string}\"},\"query-input\":{\"@type\":\"PropertyValueSpecification\",\"valueRequired\":true,\"valueName\":\"search_term_string\"}}],\"inLanguage\":\"en-GB\"},{\"@type\":\"Organization\",\"@id\":\"https:\/\/ponos-moex.fr\/#organization\",\"name\":\"PONOS\",\"alternateName\":\"PONOS AMO - MOEX\",\"url\":\"https:\/\/ponos-moex.fr\/\",\"logo\":{\"@type\":\"ImageObject\",\"inLanguage\":\"en-GB\",\"@id\":\"https:\/\/ponos-moex.fr\/#\/schema\/logo\/image\/\",\"url\":\"https:\/\/ponos-moex.fr\/wp-content\/uploads\/2026\/02\/Ponos_Logo_02_Noir_Fond-blanc.HD_.jpg\",\"contentUrl\":\"https:\/\/ponos-moex.fr\/wp-content\/uploads\/2026\/02\/Ponos_Logo_02_Noir_Fond-blanc.HD_.jpg\",\"width\":595,\"height\":582,\"caption\":\"PONOS\"},\"image\":{\"@id\":\"https:\/\/ponos-moex.fr\/#\/schema\/logo\/image\/\"},\"sameAs\":[\"https:\/\/www.linkedin.com\/company\/ponos-moex\/yoast\"],\"description\":\"Agence de maitrise d'oeuvre d'execution et d'assistance \u00e0 maitrise d'ouvrage. Piliers dans le cadre des projets complexe et en milieu occup\u00e9 en ERP\",\"email\":\"postmaster@ponos-moex.fr\",\"taxID\":\"98438258000012\",\"numberOfEmployees\":{\"@type\":\"QuantitativeValue\",\"minValue\":\"1\",\"maxValue\":\"10\"},\"ethicsPolicy\":\"https:\/\/ponos-moex.fr\/services\/\"}]}<\/script>\n<!-- \/ Yoast SEO Premium plugin. -->","yoast_head_json":{"title":"A propos de nous - PONOS","robots":{"index":"index","follow":"follow","max-snippet":"max-snippet:-1","max-image-preview":"max-image-preview:large","max-video-preview":"max-video-preview:-1"},"canonical":"https:\/\/ponos-moex.fr\/en\/about\/","og_locale":"en_GB","og_type":"article","og_title":"A propos de nous","og_description":"A PROPOS DE NOUS&#8230; Des solutions adapt\u00e9es \u00e0 chaque probl\u00e9matique Une passion au quotidien.. Apr\u00e8s 10 ans d&rsquo;exp\u00e9rience en tant que ma\u00eetre d&rsquo;ouvrage, AMO (Assistance \u00e0 Ma\u00eetrise d&rsquo;Ouvrage) et promoteur dans les secteurs m\u00e9dico-social et sanitaire, je suis anim\u00e9 pour entretenir la r\u00e9flexion autour de nos projets en collaboration avec mes clients et partenaires. Nous [&hellip;]","og_url":"https:\/\/ponos-moex.fr\/en\/about\/","og_site_name":"PONOS","article_publisher":"https:\/\/www.linkedin.com\/company\/ponos-moex\/yoast","article_modified_time":"2026-02-15T20:52:18+00:00","og_image":[{"url":"http:\/\/ponos-moex.fr\/wp-content\/uploads\/2024\/05\/selfie-site.png","type":"","width":"","height":""}],"twitter_card":"summary_large_image","twitter_misc":{"Estimated reading time":"1 minute"},"schema":{"@context":"https:\/\/schema.org","@graph":[{"@type":"WebPage","@id":"https:\/\/ponos-moex.fr\/about\/","url":"https:\/\/ponos-moex.fr\/about\/","name":"A propos de nous - PONOS","isPartOf":{"@id":"https:\/\/ponos-moex.fr\/#website"},"primaryImageOfPage":{"@id":"https:\/\/ponos-moex.fr\/about\/#primaryimage"},"image":{"@id":"https:\/\/ponos-moex.fr\/about\/#primaryimage"},"thumbnailUrl":"http:\/\/ponos-moex.fr\/wp-content\/uploads\/2024\/05\/selfie-site.png","datePublished":"2024-05-14T11:00:25+00:00","dateModified":"2026-02-15T20:52:18+00:00","breadcrumb":{"@id":"https:\/\/ponos-moex.fr\/about\/#breadcrumb"},"inLanguage":"en-GB","potentialAction":[{"@type":"ReadAction","target":["https:\/\/ponos-moex.fr\/about\/"]}]},{"@type":"ImageObject","inLanguage":"en-GB","@id":"https:\/\/ponos-moex.fr\/about\/#primaryimage","url":"http:\/\/ponos-moex.fr\/wp-content\/uploads\/2024\/05\/selfie-site.png","contentUrl":"http:\/\/ponos-moex.fr\/wp-content\/uploads\/2024\/05\/selfie-site.png"},{"@type":"BreadcrumbList","@id":"https:\/\/ponos-moex.fr\/about\/#breadcrumb","itemListElement":[{"@type":"ListItem","position":1,"name":"Accueil","item":"https:\/\/ponos-moex.fr\/"},{"@type":"ListItem","position":2,"name":"A propos de nous"}]},{"@type":"WebSite","@id":"https:\/\/ponos-moex.fr\/#website","url":"https:\/\/ponos-moex.fr\/","name":"PONOS \u2013 MOEX","description":"Notre engagement au service de l&#039;efficacit\u00e9","publisher":{"@id":"https:\/\/ponos-moex.fr\/#organization"},"alternateName":"PONOS AMO-MOEX","potentialAction":[{"@type":"SearchAction","target":{"@type":"EntryPoint","urlTemplate":"https:\/\/ponos-moex.fr\/?s={search_term_string}"},"query-input":{"@type":"PropertyValueSpecification","valueRequired":true,"valueName":"search_term_string"}}],"inLanguage":"en-GB"},{"@type":"Organization","@id":"https:\/\/ponos-moex.fr\/#organization","name":"PONOS","alternateName":"PONOS AMO - MOEX","url":"https:\/\/ponos-moex.fr\/","logo":{"@type":"ImageObject","inLanguage":"en-GB","@id":"https:\/\/ponos-moex.fr\/#\/schema\/logo\/image\/","url":"https:\/\/ponos-moex.fr\/wp-content\/uploads\/2026\/02\/Ponos_Logo_02_Noir_Fond-blanc.HD_.jpg","contentUrl":"https:\/\/ponos-moex.fr\/wp-content\/uploads\/2026\/02\/Ponos_Logo_02_Noir_Fond-blanc.HD_.jpg","width":595,"height":582,"caption":"PONOS"},"image":{"@id":"https:\/\/ponos-moex.fr\/#\/schema\/logo\/image\/"},"sameAs":["https:\/\/www.linkedin.com\/company\/ponos-moex\/yoast"],"description":"Agence de maitrise d'oeuvre d'execution et d'assistance \u00e0 maitrise d'ouvrage. Piliers dans le cadre des projets complexe et en milieu occup\u00e9 en ERP","email":"postmaster@ponos-moex.fr","taxID":"98438258000012","numberOfEmployees":{"@type":"QuantitativeValue","minValue":"1","maxValue":"10"},"ethicsPolicy":"https:\/\/ponos-moex.fr\/services\/"}]}},"uagb_featured_image_src":{"full":false,"thumbnail":false,"medium":false,"medium_large":false,"large":false,"1536x1536":false,"2048x2048":false,"trp-custom-language-flag":false},"uagb_author_info":{"display_name":"PONOS89","author_link":"https:\/\/ponos-moex.fr\/en\/author\/admin4501\/"},"uagb_comment_info":0,"uagb_excerpt":"A PROPOS DE NOUS&#8230; Des solutions adapt\u00e9es \u00e0 chaque probl\u00e9matique Une passion au quotidien.. Apr\u00e8s 10 ans d&rsquo;exp\u00e9rience en tant que ma\u00eetre d&rsquo;ouvrage, AMO (Assistance \u00e0 Ma\u00eetrise d&rsquo;Ouvrage) et promoteur dans les secteurs m\u00e9dico-social et sanitaire, je suis anim\u00e9 pour entretenir la r\u00e9flexion autour de nos projets en collaboration avec mes clients et partenaires. Nous&hellip;","_links":{"self":[{"href":"https:\/\/ponos-moex.fr\/en\/wp-json\/wp\/v2\/pages\/495","targetHints":{"allow":["GET"]}}],"collection":[{"href":"https:\/\/ponos-moex.fr\/en\/wp-json\/wp\/v2\/pages"}],"about":[{"href":"https:\/\/ponos-moex.fr\/en\/wp-json\/wp\/v2\/types\/page"}],"author":[{"embeddable":true,"href":"https:\/\/ponos-moex.fr\/en\/wp-json\/wp\/v2\/users\/1"}],"replies":[{"embeddable":true,"href":"https:\/\/ponos-moex.fr\/en\/wp-json\/wp\/v2\/comments?post=495"}],"version-history":[{"count":12,"href":"https:\/\/ponos-moex.fr\/en\/wp-json\/wp\/v2\/pages\/495\/revisions"}],"predecessor-version":[{"id":986,"href":"https:\/\/ponos-moex.fr\/en\/wp-json\/wp\/v2\/pages\/495\/revisions\/986"}],"wp:attachment":[{"href":"https:\/\/ponos-moex.fr\/en\/wp-json\/wp\/v2\/media?parent=495"}],"curies":[{"name":"wp","href":"https:\/\/api.w.org\/{rel}","templated":true}]}}